{"id":3841,"date":"2019-11-23T05:52:35","date_gmt":"2019-11-23T05:52:35","guid":{"rendered":"https:\/\/icsc.edu.mx\/?page_id=3841"},"modified":"2026-04-28T23:24:45","modified_gmt":"2026-04-29T05:24:45","slug":"instalaciones","status":"publish","type":"page","link":"https:\/\/icsc.edu.mx\/?page_id=3841","title":{"rendered":"Instalaciones"},"content":{"rendered":"<div class=\"wpb-content-wrapper\"><p>[vc_row][vc_column width=&#8221;1\/2&#8243;][vc_empty_space][vc_single_image image=&#8221;5711&#8243; img_size=&#8221;full&#8221; style=&#8221;vc_box_shadow_3d&#8221;][vc_custom_heading text=&#8221;Amplias Aulas&#8221; font_container=&#8221;tag:h2|font_size:32px|text_align:right|color:%23edb512&#8243; google_fonts=&#8221;font_family:Ubuntu%3A300%2C300italic%2Cregular%2Citalic%2C500%2C500italic%2C700%2C700italic|font_style:500%20bold%20regular%3A500%3Anormal&#8221;][vc_column_text]<\/p>\n<p style=\"text-align: right;\"><span style=\"font-family: 'trebuchet ms', geneva, sans-serif; font-size: 18pt; color: #000000;\">Contamos con m\u00e1s de 30 aulas habilitadas y completamente equipadas para todos los niveles educativos.<\/span><\/p>\n<p>[\/vc_column_text][vc_single_image image=&#8221;5709&#8243; img_size=&#8221;full&#8221; style=&#8221;vc_box_shadow_3d&#8221;][vc_custom_heading text=&#8221;\u00c1reas de Juego para Preescolares&#8221; font_container=&#8221;tag:h2|font_size:32px|text_align:right|color:%23edb512&#8243; google_fonts=&#8221;font_family:Ubuntu%3A300%2C300italic%2Cregular%2Citalic%2C500%2C500italic%2C700%2C700italic|font_style:500%20bold%20regular%3A500%3Anormal&#8221;][vc_column_text]<\/p>\n<p style=\"text-align: right;\"><span style=\"font-family: 'trebuchet ms', geneva, sans-serif; font-size: 18pt; color: #000000;\">Juegos infantiles completamente habilitados y seguros para nuestros alumnos m\u00e1s peque\u00f1os.<\/span><\/p>\n<p>[\/vc_column_text][vc_single_image image=&#8221;5710&#8243; img_size=&#8221;full&#8221; style=&#8221;vc_box_shadow_3d&#8221;][vc_custom_heading text=&#8221;Cancha Central&#8221; font_container=&#8221;tag:h2|font_size:32px|text_align:right|color:%23edb512&#8243; google_fonts=&#8221;font_family:Ubuntu%3A300%2C300italic%2Cregular%2Citalic%2C500%2C500italic%2C700%2C700italic|font_style:500%20bold%20regular%3A500%3Anormal&#8221;][vc_column_text]<\/p>\n<p style=\"text-align: right;\"><span style=\"font-family: 'trebuchet ms', geneva, sans-serif; font-size: 18pt; color: #000000;\">Cancha central multiusos con medidas oficiales y canastas para b\u00e1squetbol; as\u00ed como medidas oficiales y red para voleibol con gradas.<\/span><\/p>\n<p>[\/vc_column_text][vc_single_image image=&#8221;5712&#8243; img_size=&#8221;full&#8221; style=&#8221;vc_box_shadow_3d&#8221;][vc_custom_heading text=&#8221;\u00c1rea Multiusos&#8221; font_container=&#8221;tag:h2|font_size:32px|text_align:right|color:%23edb512&#8243; google_fonts=&#8221;font_family:Ubuntu%3A300%2C300italic%2Cregular%2Citalic%2C500%2C500italic%2C700%2C700italic|font_style:500%20bold%20regular%3A500%3Anormal&#8221;][vc_column_text]<\/p>\n<p style=\"text-align: right;\"><span style=\"font-family: 'trebuchet ms', geneva, sans-serif; font-size: 18pt; color: #000000;\">\u00c1rea multiusos techada y con amplias dimensiones para eventos diversos.<\/span><\/p>\n<p>[\/vc_column_text][vc_single_image image=&#8221;3491&#8243; img_size=&#8221;full&#8221; style=&#8221;vc_box_shadow_3d&#8221;][vc_custom_heading text=&#8221;Auditorio&#8221; font_container=&#8221;tag:h2|font_size:32px|text_align:right|color:%23edb512&#8243; google_fonts=&#8221;font_family:Ubuntu%3A300%2C300italic%2Cregular%2Citalic%2C500%2C500italic%2C700%2C700italic|font_style:500%20bold%20regular%3A500%3Anormal&#8221;][vc_column_text]<\/p>\n<p style=\"text-align: right;\"><span style=\"font-family: 'trebuchet ms', geneva, sans-serif; font-size: 18pt; color: #000000;\">Nuestro colegio cuenta con un auditorio con capacidad para 200 personas y equipado con proyecci\u00f3n de video, audio e Internet. Cuenta, adem\u00e1s, con espacios tras bambalinas, tel\u00f3n, balc\u00f3n, entradas m\u00faltiples y salidas de emergencia.<\/span><\/p>\n<p>[\/vc_column_text][vc_single_image image=&#8221;5965&#8243; img_size=&#8221;full&#8221; style=&#8221;vc_box_shadow_3d&#8221;][vc_custom_heading text=&#8221;Espacios Educativos Exclusivos&#8221; font_container=&#8221;tag:h2|font_size:32px|text_align:right|color:%23edb512&#8243; google_fonts=&#8221;font_family:Ubuntu%3A300%2C300italic%2Cregular%2Citalic%2C500%2C500italic%2C700%2C700italic|font_style:500%20bold%20regular%3A500%3Anormal&#8221;][vc_column_text]<\/p>\n<p style=\"text-align: right;\"><span style=\"font-family: 'trebuchet ms', geneva, sans-serif; font-size: 18pt; color: #000000;\">Nuestras amplias instalaciones nos permiten contar con espacios educativos exclusivos para cada uno de los niveles, de tal forma que podemos atender las necesidades de todos nuestros alumnos sin que la actividad de unos afecte a la de otros.\u00a0<\/span><\/p>\n<p>[\/vc_column_text][vc_single_image image=&#8221;3587&#8243; img_size=&#8221;full&#8221; style=&#8221;vc_box_shadow_3d&#8221;][\/vc_column][vc_column width=&#8221;1\/2&#8243;][vc_empty_space][vc_custom_heading text=&#8221;Las mejores instalaciones&#8221; font_container=&#8221;tag:h2|font_size:40px|text_align:left|color:%23edb512&#8243; google_fonts=&#8221;font_family:Ubuntu%3A300%2C300italic%2Cregular%2Citalic%2C500%2C500italic%2C700%2C700italic|font_style:500%20bold%20regular%3A500%3Anormal&#8221;][vc_column_text]<span style=\"font-family: 'trebuchet ms', geneva, sans-serif; font-size: 18pt; color: #000000;\">Contamos con amplias aulas, \u00e1reas verdes, cancha deportiva central, canchas deportivas techadas, enfermer\u00eda, biblioteca, auditorio, laboratorios, centro de c\u00f3mputo, salones de danza, salones con espacios amplios para la cultura y las artes, y muchos espacios m\u00e1s.<\/span>[\/vc_column_text][vc_single_image image=&#8221;5708&#8243; img_size=&#8221;full&#8221; style=&#8221;vc_box_shadow_3d&#8221;][vc_custom_heading text=&#8221;Canchas de Pasto Sint\u00e9tico&#8221; font_container=&#8221;tag:h2|font_size:32px|text_align:left|color:%23edb512&#8243; google_fonts=&#8221;font_family:Ubuntu%3A300%2C300italic%2Cregular%2Citalic%2C500%2C500italic%2C700%2C700italic|font_style:500%20bold%20regular%3A500%3Anormal&#8221;][vc_column_text]<span style=\"font-family: 'trebuchet ms', geneva, sans-serif; font-size: 18pt; color: #000000;\">Canchas de f\u00fatbol r\u00e1pido y espacios amateur con pasto sint\u00e9tico para actividades diversas.<\/span>[\/vc_column_text][vc_single_image image=&#8221;3496&#8243; img_size=&#8221;full&#8221; style=&#8221;vc_box_shadow_3d&#8221;][vc_custom_heading text=&#8221;Canchas de f\u00fatbol y b\u00e1squetbol&#8221; font_container=&#8221;tag:h2|font_size:32px|text_align:left|color:%23edb512&#8243; google_fonts=&#8221;font_family:Ubuntu%3A300%2C300italic%2Cregular%2Citalic%2C500%2C500italic%2C700%2C700italic|font_style:500%20bold%20regular%3A500%3Anormal&#8221;][vc_column_text]<span style=\"font-family: 'trebuchet ms', geneva, sans-serif; font-size: 18pt; color: #000000;\">Canchas de f\u00fatbol r\u00e1pido con pasto sint\u00e9tico. Canchas de b\u00e1squetbol con medidas oficiales: abierta y techada. Cancha amateur de b\u00e1squetbol.<\/span>[\/vc_column_text][vc_single_image image=&#8221;5707&#8243; img_size=&#8221;full&#8221; style=&#8221;vc_box_shadow_3d&#8221;][vc_custom_heading text=&#8221;Sal\u00f3n de M\u00fasica y Salones de Artes&#8221; font_container=&#8221;tag:h2|font_size:32px|text_align:left|color:%23edb512&#8243; google_fonts=&#8221;font_family:Ubuntu%3A300%2C300italic%2Cregular%2Citalic%2C500%2C500italic%2C700%2C700italic|font_style:500%20bold%20regular%3A500%3Anormal&#8221;][vc_column_text]<span style=\"font-family: 'trebuchet ms', geneva, sans-serif; font-size: 18pt; color: #000000;\">Espacios equipados profesionalmente para el correcto y pleno desempe\u00f1o de las artes esc\u00e9nicas y pl\u00e1sticas. Sal\u00f3n de m\u00fasica y salones de danza con amplios espacios, espejo, duela y casilleros.<\/span>[\/vc_column_text][vc_single_image image=&#8221;5844&#8243; img_size=&#8221;full&#8221; style=&#8221;vc_box_shadow_3d&#8221;][vc_custom_heading text=&#8221;Centro de C\u00f3mputo&#8221; font_container=&#8221;tag:h2|font_size:32px|text_align:left|color:%23edb512&#8243; google_fonts=&#8221;font_family:Ubuntu%3A300%2C300italic%2Cregular%2Citalic%2C500%2C500italic%2C700%2C700italic|font_style:500%20bold%20regular%3A500%3Anormal&#8221;][vc_column_text]<span style=\"font-family: 'trebuchet ms', geneva, sans-serif; font-size: 18pt; color: #000000;\">Provisto con la \u00faltima tecnolog\u00eda, contamos con equipo de c\u00f3mputo con r\u00e1pido acceso a Internet y todo el software que nuestros alumnos necesitan.<\/span>[\/vc_column_text][vc_single_image image=&#8221;3583&#8243; img_size=&#8221;full&#8221; style=&#8221;vc_box_shadow_3d&#8221;][vc_custom_heading text=&#8221;Huerto Escolar&#8221; font_container=&#8221;tag:h2|font_size:32px|text_align:left|color:%23edb512&#8243; google_fonts=&#8221;font_family:Ubuntu%3A300%2C300italic%2Cregular%2Citalic%2C500%2C500italic%2C700%2C700italic|font_style:500%20bold%20regular%3A500%3Anormal&#8221;][vc_column_text]<span style=\"font-family: 'trebuchet ms', geneva, sans-serif; font-size: 18pt; color: #000000;\">Nuestro colegio cuenta con su propio huerto escolar, un espacio con m\u00e1s de 400 metros, amplio y adecuado para que nuestros alumnos puedan interactuar con la naturaleza. Podemos decir que contamos con el huerto urbano m\u00e1s grande de Xalapa.<\/span>[\/vc_column_text][vc_single_image image=&#8221;3581&#8243; img_size=&#8221;full&#8221; style=&#8221;vc_box_shadow_3d&#8221;][vc_custom_heading text=&#8221;Amplitud y Seguridad&#8221; font_container=&#8221;tag:h2|font_size:32px|text_align:left|color:%23edb512&#8243; google_fonts=&#8221;font_family:Ubuntu%3A300%2C300italic%2Cregular%2Citalic%2C500%2C500italic%2C700%2C700italic|font_style:500%20bold%20regular%3A500%3Anormal&#8221;][vc_column_text]<span style=\"font-family: 'trebuchet ms', geneva, sans-serif; font-size: 18pt; color: #000000;\">Nuestras instalaciones cumplen con todos los criterios de ley y los que sugiere Protecci\u00f3n Civil, as\u00ed como con la normatividad apropiada para espacios educativos.<\/span>[\/vc_column_text][\/vc_column][\/vc_row][vc_row][vc_column][vc_empty_space height=&#8221;64px&#8221;][vc_separator color=&#8221;custom&#8221; border_width=&#8221;2&#8243; accent_color=&#8221;#edb512&#8243;][vc_custom_heading text=&#8221;Conoce nuestras instalaciones y s\u00e9 parte de nuestra gran comunidad.&#8221; font_container=&#8221;tag:h4|font_size:32px|text_align:center&#8221; google_fonts=&#8221;font_family:Ubuntu%3A300%2C300italic%2Cregular%2Citalic%2C500%2C500italic%2C700%2C700italic|font_style:400%20regular%3A400%3Anormal&#8221;][vc_btn title=&#8221;VIS\u00cdTANOS&#8221; color=&#8221;warning&#8221; size=&#8221;lg&#8221; align=&#8221;center&#8221; css=&#8221;&#8221; button_block=&#8221;true&#8221; link=&#8221;url:https%3A%2F%2Ficsc.edu.mx%2Fcontacto-2|title:Contacto&#8221;][\/vc_column][\/vc_row]<\/p>\n<\/div>","protected":false},"excerpt":{"rendered":"<p>[vc_row][vc_column width=&#8221;1\/2&#8243;][vc_empty_space][vc_single_image image=&#8221;5711&#8243; img_size=&#8221;full&#8221; style=&#8221;vc_box_shadow_3d&#8221;][vc_custom_heading text=&#8221;Amplias Aulas&#8221; font_container=&#8221;tag:h2|font_size:32px|text_align:right|color:%23edb512&#8243; google_fonts=&#8221;font_family:Ubuntu%3A300%2C300italic%2Cregular%2Citalic%2C500%2C500italic%2C700%2C700italic|font_style:500%20bold%20regular%3A500%3Anormal&#8221;][vc_column_text] Contamos con m\u00e1s de 30 aulas habilitadas y completamente equipadas para todos los niveles educativos. [\/vc_column_text][vc_single_image image=&#8221;5709&#8243; img_size=&#8221;full&#8221; style=&#8221;vc_box_shadow_3d&#8221;][vc_custom_heading text=&#8221;\u00c1reas de Juego para Preescolares&#8221; font_container=&#8221;tag:h2|font_size:32px|text_align:right|color:%23edb512&#8243; google_fonts=&#8221;font_family:Ubuntu%3A300%2C300italic%2Cregular%2Citalic%2C500%2C500italic%2C700%2C700italic|font_style:500%20bold%20regular%3A500%3Anormal&#8221;][vc_column_text] Juegos infantiles completamente habilitados y seguros para nuestros alumnos m\u00e1s peque\u00f1os. [\/vc_column_text][vc_single_image image=&#8221;5710&#8243; img_size=&#8221;full&#8221; style=&#8221;vc_box_shadow_3d&#8221;][vc_custom_heading text=&#8221;Cancha Central&#8221; font_container=&#8221;tag:h2|font_size:32px|text_align:right|color:%23edb512&#8243; google_fonts=&#8221;font_family:Ubuntu%3A300%2C300italic%2Cregular%2Citalic%2C500%2C500italic%2C700%2C700italic|font_style:500%20bold%20regular%3A500%3Anormal&#8221;][vc_column_text] Cancha [&hellip;]<\/p>\n","protected":false},"author":1,"featured_media":0,"parent":0,"menu_order":0,"comment_status":"closed","ping_status":"closed","template":"","meta":{"footnotes":""},"class_list":["post-3841","page","type-page","status-publish","hentry"],"_links":{"self":[{"href":"https:\/\/icsc.edu.mx\/index.php?rest_route=\/wp\/v2\/pages\/3841","targetHints":{"allow":["GET"]}}],"collection":[{"href":"https:\/\/icsc.edu.mx\/index.php?rest_route=\/wp\/v2\/pages"}],"about":[{"href":"https:\/\/icsc.edu.mx\/index.php?rest_route=\/wp\/v2\/types\/page"}],"author":[{"embeddable":true,"href":"https:\/\/icsc.edu.mx\/index.php?rest_route=\/wp\/v2\/users\/1"}],"replies":[{"embeddable":true,"href":"https:\/\/icsc.edu.mx\/index.php?rest_route=%2Fwp%2Fv2%2Fcomments&post=3841"}],"version-history":[{"count":14,"href":"https:\/\/icsc.edu.mx\/index.php?rest_route=\/wp\/v2\/pages\/3841\/revisions"}],"predecessor-version":[{"id":6108,"href":"https:\/\/icsc.edu.mx\/index.php?rest_route=\/wp\/v2\/pages\/3841\/revisions\/6108"}],"wp:attachment":[{"href":"https:\/\/icsc.edu.mx\/index.php?rest_route=%2Fwp%2Fv2%2Fmedia&parent=3841"}],"curies":[{"name":"wp","href":"https:\/\/api.w.org\/{rel}","templated":true}]}}