{"id":19,"date":"2015-11-25T07:32:41","date_gmt":"2015-11-25T07:32:41","guid":{"rendered":"http:\/\/smartyschool.stylemixthemes.com\/?page_id=19"},"modified":"2026-04-09T12:20:40","modified_gmt":"2026-04-09T18:20:40","slug":"home","status":"publish","type":"page","link":"https:\/\/icsc.edu.mx\/","title":{"rendered":"Inicio"},"content":{"rendered":"<div class=\"wpb-content-wrapper\"><p>[vc_row][vc_column][stm_spacing sm_spacing=&#8221;150px&#8221; lg_spacing=&#8221;150px&#8221; md_spacing=&#8221;150px&#8221;][rev_slider_vc alias=&#8221;home&#8221;][stm_spacing xs_spacing=&#8221;60px&#8221; sm_spacing=&#8221;60px&#8221;][\/vc_column][\/vc_row][vc_row css=&#8221;.vc_custom_1448890853831{margin-bottom: 80px !important;}&#8221;][vc_column][stm_call_to_action title_font_weight=&#8221;700&#8243; btn_link=&#8221;url:%23|title:Inscrbirme||&#8221; title=&#8221;Inscr\u00edbete Ahora&#8221; image_id=&#8221;52&#8243; img_id=&#8221;3544&#8243; css=&#8221;.vc_custom_1775758818783{margin-top: -100px !important;border-top-width: 4px !important;background-image: url(https:\/\/icsc.edu.mx\/wp-content\/uploads\/2019\/11\/Blue-1.png?id=3602) !important;border-top-style: solid !important;border-color: #edb512 !important;}&#8221; margin=&#8221;margin-top:15px;margin-bottom:16px;&#8221; btn_enable=&#8221;true&#8221; img_enable=&#8221;true&#8221; btn_custom_style=&#8221;true&#8221; btn_icon_enable=&#8221;true&#8221;]Preescolar, Primaria, Secundaria o Bachillerato. En cualquier nivel educativo, somos tu mejor opci\u00f3n.[\/stm_call_to_action][vc_empty_space height=&#8221;18px&#8221;][vc_custom_heading text=&#8221;TOTALMENTE INCORPORADOS A LA SEV&#8221; font_container=&#8221;tag:h4|text_align:center|color:%234c4c4c&#8221; google_fonts=&#8221;font_family:Ubuntu%3A300%2C300italic%2Cregular%2Citalic%2C500%2C500italic%2C700%2C700italic|font_style:400%20regular%3A400%3Anormal&#8221;][\/vc_column][\/vc_row][vc_row css=&#8221;.vc_custom_1448964580466{margin-bottom: 80px !important;}&#8221;][vc_column width=&#8221;1\/2&#8243; offset=&#8221;vc_col-lg-8 vc_col-md-7 vc_col-xs-12&#8243;][stm_title title_tag=&#8221;h2&#8243; title_font_weight=&#8221;700&#8243; sep_enable=&#8221;true&#8221; title=&#8221;Nuestro Colegio&#8221; title_font=&#8221;text-indent:-3px;&#8221; css=&#8221;.vc_custom_1449644303491{margin-top: 10px !important;margin-bottom: 10px !important;padding-top: 4px !important;padding-right: 5px !important;padding-bottom: 4px !important;padding-left: 5px !important;}&#8221; sep_css=&#8221;margin-bottom:41px;&#8221; sep_margin_b=&#8221;41px&#8221;][\/stm_title][vc_column_text css=&#8221;.vc_custom_1574103494308{margin-bottom: 0px !important;}&#8221;]<span style=\"color: #595959;\">Somos una gran comunidad estudiantil formada por alumnos, egresados y catedr\u00e1ticos con amplia experiencia y trayectoria profesional y pedag\u00f3gica que, junto con nuestras amplias instalaciones, convierten a nuestro Colegio en el espacio ideal para el aprendizaje, la convivencia y el crecimiento personal y profesional. <\/span><\/p>\n<p><span style=\"color: #595959;\">Orgullosos de contar con una reconocida trayectoria, inculcamos en nuestros alumnos la disciplina, los principios y los valores que la sociedad requiere, formando sujetos comprometidos con sus comunidades y con el medio ambiente as\u00ed como liderazgos capaces de transformar la realidad social. <\/span>Nuestro curr\u00edculo educativo est\u00e1 construido bajo los m\u00e1s altos est\u00e1ndares de calidad educativa y los m\u00e1s innovadores conceptos y conocimientos.[\/vc_column_text][stm_spacing xs_spacing=&#8221;20px&#8221; lg_spacing=&#8221;34px&#8221; md_spacing=&#8221;34px&#8221; sm_spacing=&#8221;34px&#8221;][stm_link link_color=&#8221;custom&#8221; link_icon_position=&#8221;right&#8221; link_icon_enable=&#8221;true&#8221; icon_vspace=&#8221;5px&#8221; link=&#8221;url:https%3A%2F%2Ficsc.edu.mx%2Fnuestro-colegio|title:Ilustre%20Colegio%20Santiago%20de%20Compostela||&#8221; link_text=&#8221;Leer m\u00e1s&#8230;&#8221; link_color_custom=&#8221;#edb512&#8243;][stm_spacing xs_spacing=&#8221;20px&#8221; lg_spacing=&#8221;34px&#8221; md_spacing=&#8221;34px&#8221; sm_spacing=&#8221;34px&#8221;][stm_spacing xs_spacing=&#8221;20px&#8221; lg_spacing=&#8221;34px&#8221; md_spacing=&#8221;34px&#8221; sm_spacing=&#8221;34px&#8221;][stm_spacing xs_spacing=&#8221;45px&#8221;][stm_title title_align=&#8221;right&#8221; title=&#8221;\u00a1Bienvenido a esta gran comunidad!&#8221;][\/stm_title][\/vc_column][vc_column width=&#8221;1\/2&#8243; offset=&#8221;vc_col-lg-4 vc_col-md-5 vc_col-xs-12&#8243;][stm_single_image img_responsive_enable=&#8221;true&#8221; img_id=&#8221;5961&#8243; img_size=&#8221;350&#215;600&#8243;][stm_spacing xs_spacing=&#8221;20px&#8221; lg_spacing=&#8221;34px&#8221; md_spacing=&#8221;34px&#8221; sm_spacing=&#8221;34px&#8221;][\/vc_column][\/vc_row][vc_row full_width=&#8221;stretch_row_content&#8221; disable_element=&#8221;yes&#8221; css=&#8221;.vc_custom_1678219186128{margin-bottom: 0px !important;padding-top: 35px !important;padding-bottom: 108px !important;background-position: center !important;background-repeat: no-repeat !important;background-size: cover !important;}&#8221;][vc_column][stm_title title_tag=&#8221;h2&#8243; title_align=&#8221;center&#8221; title_font_weight=&#8221;700&#8243; sep_enable=&#8221;true&#8221; title=&#8221;Promociones&#8221; title_font=&#8221;text-indent:-3px;&#8221; css=&#8221;.vc_custom_1449644303491{margin-top: 10px !important;margin-bottom: 10px !important;padding-top: 4px !important;padding-right: 5px !important;padding-bottom: 4px !important;padding-left: 5px !important;}&#8221; sep_css=&#8221;margin-bottom:41px;&#8221; sep_margin_b=&#8221;41px&#8221;][\/stm_title][vc_row_inner][vc_column_inner width=&#8221;1\/6&#8243;][\/vc_column_inner][vc_column_inner width=&#8221;2\/3&#8243;][vc_images_carousel images=&#8221;6008,6007&#8243; img_size=&#8221;large&#8221; speed=&#8221;3000&#8243; autoplay=&#8221;yes&#8221;][\/vc_column_inner][vc_column_inner width=&#8221;1\/6&#8243;][\/vc_column_inner][\/vc_row_inner][\/vc_column][\/vc_row][vc_row full_width=&#8221;stretch_row_content&#8221; css=&#8221;.vc_custom_1597270301837{margin-bottom: 0px !important;padding-top: 35px !important;padding-bottom: 108px !important;background-image: url(https:\/\/icsc.edu.mx\/wp-content\/uploads\/2020\/08\/Captura-de-Pantalla-2020-08-12-a-las-16.59.24.png?id=5853) !important;background-position: center !important;background-repeat: no-repeat !important;background-size: cover !important;}&#8221;][vc_column][stm_title title_tag=&#8221;h2&#8243; title_align=&#8221;center&#8221; title_color=&#8221;custom&#8221; sep_enable=&#8221;true&#8221; title=&#8221;Noticias y Eventos&#8221; title_custom_color=&#8221;#ffffff&#8221; title_color_custom=&#8221;#ffffff&#8221; sep_margin_b=&#8221;60px&#8221;][\/stm_title][\/vc_column][\/vc_row][vc_row equal_height=&#8221;yes&#8221; css=&#8221;.vc_custom_1574197129783{margin-top: -60px !important;padding-bottom: 82px !important;}&#8221;][vc_column css=&#8221;.vc_custom_1574106054660{padding-top: 0px !important;}&#8221;][vc_tta_tabs stm_tabs_style=&#8221;style-2&#8243; style=&#8221;modern&#8221; color=&#8221;white&#8221; spacing=&#8221;35&#8243; alignment=&#8221;center&#8221; active_section=&#8221;1&#8243; css=&#8221;.vc_custom_1597270876525{margin-top: -60px !important;}&#8221;][vc_tta_section i_icon_fontawesome=&#8221;fa fa-newspaper-o&#8221; add_icon=&#8221;true&#8221; tab_id=&#8221;1448978999611-58c38d24-95e3&#8243;][stm_posts posts_category=&#8221;colegio&#8221; css=&#8221;.vc_custom_1574236870608{margin-bottom: -18px !important;}&#8221;][vc_row_inner][vc_column_inner width=&#8221;1\/2&#8243; offset=&#8221;vc_col-xs-6&#8243;][\/vc_column_inner][vc_column_inner width=&#8221;1\/2&#8243; offset=&#8221;vc_col-xs-6&#8243;][stm_subscribe_popup subscribe_form_id=&#8221;2874&#8243; launcher_alignment=&#8221;right&#8221; form_id=&#8221;2874&#8243; title=&#8221;Suscr\u00edbete a nuestro Bolet\u00edn de Noticias&#8221;][\/vc_column_inner][\/vc_row_inner][\/vc_tta_section][vc_tta_section i_icon_fontawesome=&#8221;fa fa-calendar&#8221; add_icon=&#8221;true&#8221; tab_id=&#8221;1448965449462-d44f1161-3817&#8243;][stm_events event_category=&#8221;0&#8243; events_count=&#8221;4&#8243;][stm_link link_icon_position=&#8221;right&#8221; link_icon_enable=&#8221;true&#8221; link=&#8221;url:http%3A%2F%2Fsmartyschool.stylemixthemes.com%2Fevents%2F||&#8221; link_text=&#8221;Ver todos los eventos&#8221;][\/vc_tta_section][\/vc_tta_tabs][\/vc_column][\/vc_row][vc_row full_width=&#8221;stretch_row&#8221; css=&#8221;.vc_custom_1574128739452{margin-bottom: 0px !important;padding-top: 39px !important;padding-bottom: 67px !important;background-image: url(https:\/\/icsc.edu.mx\/wp-content\/uploads\/2019\/11\/Imagen2.png?id=3663) !important;background-position: center !important;background-repeat: no-repeat !important;background-size: cover !important;}&#8221;][vc_column][stm_title title_align=&#8221;center&#8221; title_color=&#8221;custom&#8221; subtitle_color=&#8221;custom&#8221; title_font_weight=&#8221;700&#8243; sep_enable=&#8221;true&#8221; subtitle_enable=&#8221;true&#8221; title=&#8221;Nuestro Colegio en Cifras&#8221; title_custom_color=&#8221;#ffffff&#8221; title_color_custom=&#8221;#ffffff&#8221; sub_title=&#8221;Here you can review some statistics about our School&#8221; subtitle_color_custom=&#8221;#ffffff&#8221; sep_css=&#8221;margin-bottom:42px;&#8221;][\/stm_title][vc_row_inner][vc_column_inner width=&#8221;1\/4&#8243; offset=&#8221;vc_col-lg-3 vc_col-md-3 vc_col-xs-12&#8243;][stm_stats icon_type=&#8221;svg&#8221; icon_color=&#8221;custom&#8221; svg_animated=&#8221;true&#8221; count_grouping=&#8221;true&#8221; value=&#8221;+60&#8243; desc=&#8221;Catedr\u00e1ticos Certificados&#8221; svg_id=&#8221;3349&#8243; icon_color_custom=&#8221;#edb512&#8243;][stm_spacing xs_spacing=&#8221;30px&#8221;][\/vc_column_inner][vc_column_inner width=&#8221;1\/4&#8243; offset=&#8221;vc_col-lg-3 vc_col-md-3 vc_col-xs-12&#8243;][stm_stats icon_type=&#8221;svg&#8221; icon_color=&#8221;custom&#8221; svg_animated=&#8221;true&#8221; count_grouping=&#8221;true&#8221; value=&#8221;1200&#8243; desc=&#8221;Estudiantes Inscritos&#8221; count_separator=&#8221;,&#8221; svg_id=&#8221;3351&#8243; icon_color_custom=&#8221;#edb512&#8243;][stm_spacing xs_spacing=&#8221;30px&#8221;][\/vc_column_inner][vc_column_inner width=&#8221;1\/4&#8243; offset=&#8221;vc_col-lg-3 vc_col-md-3 vc_col-xs-12&#8243;][stm_stats icon_type=&#8221;svg&#8221; icon_color=&#8221;custom&#8221; svg_animated=&#8221;true&#8221; count_grouping=&#8221;true&#8221; value=&#8221;98&#8243; desc=&#8221;Ingreso a la Universidad&#8221; count_suffix=&#8221;%&#8221; svg_id=&#8221;3352&#8243; icon_color_custom=&#8221;#edb512&#8243;][stm_spacing xs_spacing=&#8221;30px&#8221;][\/vc_column_inner][vc_column_inner width=&#8221;1\/4&#8243; offset=&#8221;vc_col-lg-3 vc_col-md-3 vc_col-xs-12&#8243;][stm_stats icon_type=&#8221;svg&#8221; icon_color=&#8221;custom&#8221; svg_animated=&#8221;true&#8221; count_grouping=&#8221;true&#8221; value=&#8221;100&#8243; desc=&#8221;Padres Satisfechos&#8221; count_suffix=&#8221;%&#8221; svg_id=&#8221;3353&#8243; icon_color_custom=&#8221;#edb512&#8243;][\/vc_column_inner][\/vc_row_inner][\/vc_column][\/vc_row][vc_row full_width=&#8221;stretch_row&#8221; css=&#8221;.vc_custom_1597258821420{margin-bottom: 0px !important;padding-top: 70px !important;background-color: #ffffff !important;}&#8221;][vc_column][stm_title title_tag=&#8221;h2&#8243; title_align=&#8221;center&#8221; title_font_weight=&#8221;500&#8243; sep_enable=&#8221;true&#8221; title=&#8221;Galer\u00eda Fotogr\u00e1fica&#8221; title_custom_color=&#8221;#ffffff&#8221; sep_css=&#8221;margin-bottom:32px;&#8221; sep_margin_b=&#8221;32px&#8221;][\/stm_title][vc_gallery interval=&#8221;3&#8243; images=&#8221;5755,5754,5753,5752,5751,5750,5749,5747,5738,5739,5740,5741,5742,5743,5737,5730,5729,5736,5735,5728,5734,5733,5732,5535,5534,3601,3600,3599,3598,3591,3592,3590,3595,3594,3573,3574,3576,3572,3571,3570,3569,3567,3559,3560,3562,3563,3564,3558,3556,3533,3536,3496,3500,3494,3493,3495,5967,5968,5969,5970,5971,5972,5973,5974,5975,5976&#8243; img_size=&#8221;large&#8221;][\/vc_column][\/vc_row][vc_row css=&#8221;.vc_custom_1454922034334{padding-top: 73px !important;padding-bottom: 50px !important;}&#8221;][vc_column][stm_title title_align=&#8221;center&#8221; subtitle_color=&#8221;dark-gray&#8221; sep_color=&#8221;green&#8221; title_font_weight=&#8221;700&#8243; sep_enable=&#8221;true&#8221; subtitle_enable=&#8221;true&#8221; title=&#8221;Proceso de Admisi\u00f3n&#8221; sep_margin_b=&#8221;52px&#8221; subtitle_margin_b=&#8221;43px&#8221;]Actualmente aceptamos solicitudes de inscripci\u00f3n para todos los grados y niveles educativos.<br \/>\n<strong>No esperes m\u00e1s e inscr\u00edbete.<\/strong>[\/stm_title][vc_row_inner][vc_column_inner offset=&#8221;vc_col-lg-4 vc_col-md-4 vc_col-xs-12&#8243;][stm_icon_box view_style=&#8221;style-4&#8243; icon_type=&#8221;svg&#8221; icon_position=&#8221;left&#8221; icon_color=&#8221;custom&#8221; step_enable=&#8221;true&#8221; svg_animated=&#8221;true&#8221; title=&#8221;Consulta&#8221; button_enable=&#8221;true&#8221; css=&#8221;.vc_custom_1768603470231{margin-right: -10px !important;margin-bottom: 30px !important;}&#8221; step_number=&#8221;1&#8243; button_text=&#8221;Requisitos e Info.&#8221; button_link=&#8221;url:https%3A%2F%2Ficsc.edu.mx%2Fwp-content%2Fuploads%2F2026%2F01%2FINFORMES-25-26.pdf|target:_blank&#8221; svg_id=&#8221;3355&#8243; descr=&#8221;Descarga y consulta toda la informaci\u00f3n, requisitos y documentos necesarios para iniciar tu inscripci\u00f3n.&#8221; icon_color_custom=&#8221;#edb512&#8243;][\/vc_column_inner][vc_column_inner offset=&#8221;vc_col-lg-4 vc_col-md-4 vc_col-xs-12&#8243;][stm_icon_box view_style=&#8221;style-4&#8243; icon_type=&#8221;svg&#8221; icon_position=&#8221;left&#8221; icon_color=&#8221;custom&#8221; descr_color=&#8221;custom&#8221; step_enable=&#8221;true&#8221; svg_animated=&#8221;true&#8221; title=&#8221;Solicita&#8221; button_enable=&#8221;true&#8221; button_text=&#8221;Solicitud de Inscripci\u00f3n&#8221; button_link=&#8221;url:https%3A%2F%2Ficsc.edu.mx%2Fwp-content%2Fuploads%2F2019%2F11%2FICSC-Solicitud-de-Inscripci%C3%B3n.pdf|||&#8221; css=&#8221;.vc_custom_1597174315214{margin-right: -5px !important;margin-bottom: 30px !important;margin-left: -5px !important;}&#8221; step_number=&#8221;2&#8243; svg_id=&#8221;3356&#8243; descr=&#8221;Descarga y llena el formulario de solicitud de inscripci\u00f3n e int\u00e9gralo a tu expediente. Prepara tus documentos.&#8221; icon_color_custom=&#8221;#edb512&#8243;][\/vc_column_inner][vc_column_inner offset=&#8221;vc_col-lg-4 vc_col-md-4 vc_col-xs-12&#8243;][stm_icon_box view_style=&#8221;style-4&#8243; icon_type=&#8221;svg&#8221; icon_position=&#8221;left&#8221; icon_color=&#8221;custom&#8221; descr_color=&#8221;custom&#8221; step_enable=&#8221;true&#8221; svg_animated=&#8221;true&#8221; title=&#8221;Aplica&#8221; button_enable=&#8221;true&#8221; button_text=&#8221;Aplicar e Inscribirse&#8221; button_link=&#8221;url:%23|||&#8221; css=&#8221;.vc_custom_1597174373453{margin-left: -10px !important;}&#8221; descr_color_custom=&#8221;#595959&#8243; step_number=&#8221;3&#8243; descr=&#8221;Una vez integrado tu expediente haz una cita y acude con nosotros para concluir tu inscripci\u00f3n.&#8221; svg_id=&#8221;3357&#8243; icon_color_custom=&#8221;#edb512&#8243;][\/vc_column_inner][\/vc_row_inner][\/vc_column][\/vc_row]<\/p>\n<\/div>","protected":false},"excerpt":{"rendered":"<p>[vc_row][vc_column][stm_spacing sm_spacing=&#8221;150px&#8221; lg_spacing=&#8221;150px&#8221; md_spacing=&#8221;150px&#8221;][rev_slider_vc alias=&#8221;home&#8221;][stm_spacing xs_spacing=&#8221;60px&#8221; sm_spacing=&#8221;60px&#8221;][\/vc_column][\/vc_row][vc_row css=&#8221;.vc_custom_1448890853831{margin-bottom: 80px !important;}&#8221;][vc_column][stm_call_to_action title_font_weight=&#8221;700&#8243; btn_link=&#8221;url:%23|title:Inscrbirme||&#8221; title=&#8221;Inscr\u00edbete Ahora&#8221; image_id=&#8221;52&#8243; img_id=&#8221;3544&#8243; css=&#8221;.vc_custom_1775758818783{margin-top: -100px !important;border-top-width: 4px !important;background-image: url(https:\/\/icsc.edu.mx\/wp-content\/uploads\/2019\/11\/Blue-1.png?id=3602) !important;border-top-style: solid !important;border-color: #edb512 !important;}&#8221; margin=&#8221;margin-top:15px;margin-bottom:16px;&#8221; btn_enable=&#8221;true&#8221; img_enable=&#8221;true&#8221; btn_custom_style=&#8221;true&#8221; btn_icon_enable=&#8221;true&#8221;]Preescolar, Primaria, Secundaria o Bachillerato. En cualquier nivel educativo, somos tu mejor opci\u00f3n.[\/stm_call_to_action][vc_empty_space height=&#8221;18px&#8221;][vc_custom_heading text=&#8221;TOTALMENTE INCORPORADOS A LA SEV&#8221; font_container=&#8221;tag:h4|text_align:center|color:%234c4c4c&#8221; google_fonts=&#8221;font_family:Ubuntu%3A300%2C300italic%2Cregular%2Citalic%2C500%2C500italic%2C700%2C700italic|font_style:400%20regular%3A400%3Anormal&#8221;][\/vc_column][\/vc_row][vc_row css=&#8221;.vc_custom_1448964580466{margin-bottom: 80px !important;}&#8221;][vc_column [&hellip;]<\/p>\n","protected":false},"author":1,"featured_media":0,"parent":0,"menu_order":0,"comment_status":"closed","ping_status":"closed","template":"","meta":{"footnotes":""},"class_list":["post-19","page","type-page","status-publish","hentry"],"_links":{"self":[{"href":"https:\/\/icsc.edu.mx\/index.php?rest_route=\/wp\/v2\/pages\/19","targetHints":{"allow":["GET"]}}],"collection":[{"href":"https:\/\/icsc.edu.mx\/index.php?rest_route=\/wp\/v2\/pages"}],"about":[{"href":"https:\/\/icsc.edu.mx\/index.php?rest_route=\/wp\/v2\/types\/page"}],"author":[{"embeddable":true,"href":"https:\/\/icsc.edu.mx\/index.php?rest_route=\/wp\/v2\/users\/1"}],"replies":[{"embeddable":true,"href":"https:\/\/icsc.edu.mx\/index.php?rest_route=%2Fwp%2Fv2%2Fcomments&post=19"}],"version-history":[{"count":80,"href":"https:\/\/icsc.edu.mx\/index.php?rest_route=\/wp\/v2\/pages\/19\/revisions"}],"predecessor-version":[{"id":6096,"href":"https:\/\/icsc.edu.mx\/index.php?rest_route=\/wp\/v2\/pages\/19\/revisions\/6096"}],"wp:attachment":[{"href":"https:\/\/icsc.edu.mx\/index.php?rest_route=%2Fwp%2Fv2%2Fmedia&parent=19"}],"curies":[{"name":"wp","href":"https:\/\/api.w.org\/{rel}","templated":true}]}}